{"id":626,"date":"2024-08-23T13:34:26","date_gmt":"2024-08-23T17:34:26","guid":{"rendered":"https:\/\/escuderoimmigration.com\/?page_id=626"},"modified":"2024-08-23T13:34:26","modified_gmt":"2024-08-23T17:34:26","slug":"business-immigration-solutions","status":"publish","type":"page","link":"https:\/\/escuderoimmigration.com\/es\/business-immigration-solutions\/","title":{"rendered":"Business Immigration Solutions"},"content":{"rendered":"","protected":false},"excerpt":{"rendered":"","protected":false},"author":252825447,"featured_media":0,"parent":0,"menu_order":0,"comment_status":"closed","ping_status":"closed","template":"","meta":{"footnotes":""},"class_list":["post-626","page","type-page","status-publish","hentry"],"yoast_head":"<!-- This site is optimized with the Yoast SEO plugin v27.4 - https:\/\/yoast.com\/product\/yoast-seo-wordpress\/ -->\n<title>Escudero Immigration Law | Immigration Lawyer - Abogado de Inmigraci\u00f3n<\/title>\n<meta name=\"description\" content=\"Escudero Immigration Law offers immigration solutions, including asylum, juvenile visas, family petitions, citizenship petitions, and much more. El abogado Juan Escudero provee soluciones de inmigraci\u00f3n, incluyendo asilo, visas juveniles, peticiones familiares, peticiones de ciudadan\u00eda y mucho m\u00e1s.\" \/>\n<meta name=\"robots\" content=\"index, follow, max-snippet:-1, max-image-preview:large, max-video-preview:-1\" \/>\n<link rel=\"canonical\" href=\"https:\/\/escuderoimmigration.com\/es\/business-immigration-solutions\/\" \/>\n<meta property=\"og:locale\" content=\"es_MX\" \/>\n<meta property=\"og:type\" content=\"article\" \/>\n<meta property=\"og:title\" content=\"Escudero Immigration Law | Immigration Lawyer - Abogado de Inmigraci\u00f3n\" \/>\n<meta property=\"og:description\" content=\"Escudero Immigration Law offers immigration solutions, including asylum, juvenile visas, family petitions, citizenship petitions, and much more. El abogado Juan Escudero provee soluciones de inmigraci\u00f3n, incluyendo asilo, visas juveniles, peticiones familiares, peticiones de ciudadan\u00eda y mucho m\u00e1s.\" \/>\n<meta property=\"og:url\" content=\"https:\/\/escuderoimmigration.com\/es\/business-immigration-solutions\/\" \/>\n<meta property=\"og:site_name\" content=\"Escudero Immigration Law\" \/>\n<meta property=\"article:publisher\" content=\"https:\/\/www.facebook.com\/escuderoimmigrationlaw\/\" \/>\n<meta property=\"og:image\" content=\"https:\/\/i0.wp.com\/escuderoimmigration.com\/wp-content\/uploads\/2024\/08\/Original-7-1.png?fit=512%2C512&ssl=1\" \/>\n\t<meta property=\"og:image:width\" content=\"512\" \/>\n\t<meta property=\"og:image:height\" content=\"512\" \/>\n\t<meta property=\"og:image:type\" content=\"image\/png\" \/>\n<meta name=\"twitter:card\" content=\"summary_large_image\" \/>\n<script type=\"application\/ld+json\" class=\"yoast-schema-graph\">{\"@context\":\"https:\\\/\\\/schema.org\",\"@graph\":[{\"@type\":\"WebPage\",\"@id\":\"https:\\\/\\\/escuderoimmigration.com\\\/business-immigration-solutions\\\/\",\"url\":\"https:\\\/\\\/escuderoimmigration.com\\\/business-immigration-solutions\\\/\",\"name\":\"Escudero Immigration Law | Immigration Lawyer - Abogado de Inmigraci\u00f3n\",\"isPartOf\":{\"@id\":\"https:\\\/\\\/escuderoimmigration.com\\\/#website\"},\"datePublished\":\"2024-08-23T17:34:26+00:00\",\"description\":\"Escudero Immigration Law offers immigration solutions, including asylum, juvenile visas, family petitions, citizenship petitions, and much more. El abogado Juan Escudero provee soluciones de inmigraci\u00f3n, incluyendo asilo, visas juveniles, peticiones familiares, peticiones de ciudadan\u00eda y mucho m\u00e1s.\",\"breadcrumb\":{\"@id\":\"https:\\\/\\\/escuderoimmigration.com\\\/business-immigration-solutions\\\/#breadcrumb\"},\"inLanguage\":\"es\",\"potentialAction\":[{\"@type\":\"ReadAction\",\"target\":[\"https:\\\/\\\/escuderoimmigration.com\\\/business-immigration-solutions\\\/\"]}]},{\"@type\":\"BreadcrumbList\",\"@id\":\"https:\\\/\\\/escuderoimmigration.com\\\/business-immigration-solutions\\\/#breadcrumb\",\"itemListElement\":[{\"@type\":\"ListItem\",\"position\":1,\"name\":\"Home\",\"item\":\"https:\\\/\\\/escuderoimmigration.com\\\/\"},{\"@type\":\"ListItem\",\"position\":2,\"name\":\"Business Immigration Solutions\"}]},{\"@type\":\"WebSite\",\"@id\":\"https:\\\/\\\/escuderoimmigration.com\\\/#website\",\"url\":\"https:\\\/\\\/escuderoimmigration.com\\\/\",\"name\":\"Escudero Immigration Law\",\"description\":\"Your Trusted Immigration Solution\",\"publisher\":{\"@id\":\"https:\\\/\\\/escuderoimmigration.com\\\/#organization\"},\"potentialAction\":[{\"@type\":\"SearchAction\",\"target\":{\"@type\":\"EntryPoint\",\"urlTemplate\":\"https:\\\/\\\/escuderoimmigration.com\\\/?s={search_term_string}\"},\"query-input\":{\"@type\":\"PropertyValueSpecification\",\"valueRequired\":true,\"valueName\":\"search_term_string\"}}],\"inLanguage\":\"es\"},{\"@type\":\"Organization\",\"@id\":\"https:\\\/\\\/escuderoimmigration.com\\\/#organization\",\"name\":\"Escudero Immigration Law\",\"url\":\"https:\\\/\\\/escuderoimmigration.com\\\/\",\"logo\":{\"@type\":\"ImageObject\",\"inLanguage\":\"es\",\"@id\":\"https:\\\/\\\/escuderoimmigration.com\\\/#\\\/schema\\\/logo\\\/image\\\/\",\"url\":\"https:\\\/\\\/i0.wp.com\\\/escuderoimmigration.com\\\/wp-content\\\/uploads\\\/2024\\\/08\\\/Original-7-1.png?fit=512%2C512&ssl=1\",\"contentUrl\":\"https:\\\/\\\/i0.wp.com\\\/escuderoimmigration.com\\\/wp-content\\\/uploads\\\/2024\\\/08\\\/Original-7-1.png?fit=512%2C512&ssl=1\",\"width\":512,\"height\":512,\"caption\":\"Escudero Immigration Law\"},\"image\":{\"@id\":\"https:\\\/\\\/escuderoimmigration.com\\\/#\\\/schema\\\/logo\\\/image\\\/\"},\"sameAs\":[\"https:\\\/\\\/www.facebook.com\\\/escuderoimmigrationlaw\\\/\",\"https:\\\/\\\/www.instagram.com\\\/escuderoimmigrationlaw\\\/\"]}]}<\/script>\n<!-- \/ Yoast SEO plugin. -->","yoast_head_json":{"title":"Escudero Immigration Law | Immigration Lawyer - Abogado de Inmigraci\u00f3n","description":"Escudero Immigration Law offers immigration solutions, including asylum, juvenile visas, family petitions, citizenship petitions, and much more. El abogado Juan Escudero provee soluciones de inmigraci\u00f3n, incluyendo asilo, visas juveniles, peticiones familiares, peticiones de ciudadan\u00eda y mucho m\u00e1s.","robots":{"index":"index","follow":"follow","max-snippet":"max-snippet:-1","max-image-preview":"max-image-preview:large","max-video-preview":"max-video-preview:-1"},"canonical":"https:\/\/escuderoimmigration.com\/es\/business-immigration-solutions\/","og_locale":"es_MX","og_type":"article","og_title":"Escudero Immigration Law | Immigration Lawyer - Abogado de Inmigraci\u00f3n","og_description":"Escudero Immigration Law offers immigration solutions, including asylum, juvenile visas, family petitions, citizenship petitions, and much more. El abogado Juan Escudero provee soluciones de inmigraci\u00f3n, incluyendo asilo, visas juveniles, peticiones familiares, peticiones de ciudadan\u00eda y mucho m\u00e1s.","og_url":"https:\/\/escuderoimmigration.com\/es\/business-immigration-solutions\/","og_site_name":"Escudero Immigration Law","article_publisher":"https:\/\/www.facebook.com\/escuderoimmigrationlaw\/","og_image":[{"width":512,"height":512,"url":"https:\/\/i0.wp.com\/escuderoimmigration.com\/wp-content\/uploads\/2024\/08\/Original-7-1.png?fit=512%2C512&ssl=1","type":"image\/png"}],"twitter_card":"summary_large_image","schema":{"@context":"https:\/\/schema.org","@graph":[{"@type":"WebPage","@id":"https:\/\/escuderoimmigration.com\/business-immigration-solutions\/","url":"https:\/\/escuderoimmigration.com\/business-immigration-solutions\/","name":"Escudero Immigration Law | Immigration Lawyer - Abogado de Inmigraci\u00f3n","isPartOf":{"@id":"https:\/\/escuderoimmigration.com\/#website"},"datePublished":"2024-08-23T17:34:26+00:00","description":"Escudero Immigration Law offers immigration solutions, including asylum, juvenile visas, family petitions, citizenship petitions, and much more. El abogado Juan Escudero provee soluciones de inmigraci\u00f3n, incluyendo asilo, visas juveniles, peticiones familiares, peticiones de ciudadan\u00eda y mucho m\u00e1s.","breadcrumb":{"@id":"https:\/\/escuderoimmigration.com\/business-immigration-solutions\/#breadcrumb"},"inLanguage":"es","potentialAction":[{"@type":"ReadAction","target":["https:\/\/escuderoimmigration.com\/business-immigration-solutions\/"]}]},{"@type":"BreadcrumbList","@id":"https:\/\/escuderoimmigration.com\/business-immigration-solutions\/#breadcrumb","itemListElement":[{"@type":"ListItem","position":1,"name":"Home","item":"https:\/\/escuderoimmigration.com\/"},{"@type":"ListItem","position":2,"name":"Business Immigration Solutions"}]},{"@type":"WebSite","@id":"https:\/\/escuderoimmigration.com\/#website","url":"https:\/\/escuderoimmigration.com\/","name":"Escudero Immigration Law","description":"Su Soluci\u00f3n Inmigratoria de Confianza","publisher":{"@id":"https:\/\/escuderoimmigration.com\/#organization"},"potentialAction":[{"@type":"SearchAction","target":{"@type":"EntryPoint","urlTemplate":"https:\/\/escuderoimmigration.com\/?s={search_term_string}"},"query-input":{"@type":"PropertyValueSpecification","valueRequired":true,"valueName":"search_term_string"}}],"inLanguage":"es"},{"@type":"Organization","@id":"https:\/\/escuderoimmigration.com\/#organization","name":"Escudero Immigration Law","url":"https:\/\/escuderoimmigration.com\/","logo":{"@type":"ImageObject","inLanguage":"es","@id":"https:\/\/escuderoimmigration.com\/#\/schema\/logo\/image\/","url":"https:\/\/i0.wp.com\/escuderoimmigration.com\/wp-content\/uploads\/2024\/08\/Original-7-1.png?fit=512%2C512&ssl=1","contentUrl":"https:\/\/i0.wp.com\/escuderoimmigration.com\/wp-content\/uploads\/2024\/08\/Original-7-1.png?fit=512%2C512&ssl=1","width":512,"height":512,"caption":"Escudero Immigration Law"},"image":{"@id":"https:\/\/escuderoimmigration.com\/#\/schema\/logo\/image\/"},"sameAs":["https:\/\/www.facebook.com\/escuderoimmigrationlaw\/","https:\/\/www.instagram.com\/escuderoimmigrationlaw\/"]}]}},"jetpack_likes_enabled":true,"jetpack_sharing_enabled":true,"jetpack_shortlink":"https:\/\/wp.me\/PfT5xA-a6","jetpack-related-posts":[],"_links":{"self":[{"href":"https:\/\/escuderoimmigration.com\/es\/wp-json\/wp\/v2\/pages\/626","targetHints":{"allow":["GET"]}}],"collection":[{"href":"https:\/\/escuderoimmigration.com\/es\/wp-json\/wp\/v2\/pages"}],"about":[{"href":"https:\/\/escuderoimmigration.com\/es\/wp-json\/wp\/v2\/types\/page"}],"author":[{"embeddable":true,"href":"https:\/\/escuderoimmigration.com\/es\/wp-json\/wp\/v2\/users\/252825447"}],"replies":[{"embeddable":true,"href":"https:\/\/escuderoimmigration.com\/es\/wp-json\/wp\/v2\/comments?post=626"}],"version-history":[{"count":1,"href":"https:\/\/escuderoimmigration.com\/es\/wp-json\/wp\/v2\/pages\/626\/revisions"}],"predecessor-version":[{"id":627,"href":"https:\/\/escuderoimmigration.com\/es\/wp-json\/wp\/v2\/pages\/626\/revisions\/627"}],"wp:attachment":[{"href":"https:\/\/escuderoimmigration.com\/es\/wp-json\/wp\/v2\/media?parent=626"}],"curies":[{"name":"wp","href":"https:\/\/api.w.org\/{rel}","templated":true}]}}